{"id":22,"date":"2025-09-30T17:47:36","date_gmt":"2025-09-30T17:47:36","guid":{"rendered":"https:\/\/feelnature.berlin\/?page_id=22"},"modified":"2025-11-20T07:57:14","modified_gmt":"2025-11-20T07:57:14","slug":"kontakt","status":"publish","type":"page","link":"https:\/\/feelnature.berlin\/en\/kontakt\/","title":{"rendered":"Contact ~ Booking"},"content":{"rendered":"\t\t<div data-elementor-type=\"wp-page\" data-elementor-id=\"22\" class=\"elementor elementor-22\">\n\t\t\t\t<div class=\"elementor-element elementor-element-7005edc e-flex e-con-boxed wpr-particle-no wpr-jarallax-no wpr-parallax-no wpr-sticky-section-no e-con e-parent\" data-id=\"7005edc\" data-element_type=\"container\" data-e-type=\"container\">\n\t\t\t\t\t<div class=\"e-con-inner\">\n\t\t\t\t<div class=\"elementor-element elementor-element-7c68819 elementor-widget elementor-widget-heading\" data-id=\"7c68819\" data-element_type=\"widget\" data-e-type=\"widget\" data-widget_type=\"heading.default\">\n\t\t\t\t\t<h2 class=\"elementor-heading-title elementor-size-default\">Kontakt ~ Booking ~ Feedback:<\/h2>\t\t\t\t<\/div>\n\t\t\t\t<div class=\"elementor-element elementor-element-09a152a elementor-widget elementor-widget-text-editor\" data-id=\"09a152a\" data-element_type=\"widget\" data-e-type=\"widget\" data-widget_type=\"text-editor.default\">\n\t\t\t\t\t\t\t\t\t<p data-start=\"188\" data-end=\"377\">Wir freuen uns, von dir zu h\u00f6ren!<br data-start=\"221\" data-end=\"224\" \/>Egal, ob du eine Buchungsanfrage stellen, eine Kooperation vorschlagen oder einfach nur Feedback geben m\u00f6chtest \u2013 dein Anliegen ist bei uns willkommen.<\/p><p data-start=\"379\" data-end=\"539\"><strong data-start=\"382\" data-end=\"412\">Schreib uns eine Nachricht<\/strong><br data-start=\"412\" data-end=\"415\" \/>Nutze einfach das Kontaktformular oder sende uns direkt eine E-Mail. Wir melden uns so schnell wie m\u00f6glich bei dir zur\u00fcck.<\/p><p data-start=\"541\" data-end=\"689\"><strong data-start=\"543\" data-end=\"568\">F\u00fcr Booking-Anfragen:<\/strong><br data-start=\"568\" data-end=\"571\" \/>Bitte gib dein gew\u00fcnschtes Datum, den Ort und den Anlass an \u2013 so k\u00f6nnen wir dir direkt ein passendes Angebot machen.<\/p><p data-start=\"691\" data-end=\"819\"><strong data-start=\"694\" data-end=\"719\">F\u00fcr Feedback &amp; Ideen:<\/strong><br data-start=\"719\" data-end=\"722\" \/>Deine Meinung ist uns wichtig! Sag uns, was dir gef\u00e4llt oder wo wir uns noch verbessern k\u00f6nnen.<\/p><p data-start=\"821\" data-end=\"892\">Wir freuen uns auf deine Nachricht. &lt;3<\/p>\t\t\t\t\t\t\t\t<\/div>\n\t\t\t\t<div class=\"elementor-element elementor-element-99e1058 elementor-widget elementor-widget-wpforms\" data-id=\"99e1058\" data-element_type=\"widget\" data-e-type=\"widget\" data-widget_type=\"wpforms.default\">\n\t\t\t\t<div class=\"elementor-widget-container\">\n\t\t\t\t\t<style id=\"wpforms-css-vars-elementor-widget-99e1058\">\n\t\t\t\t.elementor-widget-wpforms.elementor-element-99e1058 {\n\t\t\t\t--wpforms-field-background-color: #54595F;\n--wpforms-field-border-color: #7F00FD;\n--wpforms-field-border-color-spare: #7F00FD;\n--wpforms-field-text-color: #FFFFFF;\n--wpforms-label-color: #7A7A7A;\n--wpforms-label-sublabel-color: #7A7A7A;\n--wpforms-label-error-color: #61CE70;\n--wpforms-button-background-color: #7F00FD;\n--wpforms-page-break-color: #61CE70;\n\t\t\t}\n\t\t\t<\/style><div class=\"wpforms-container wpforms-container-full wpforms-render-modern\" id=\"wpforms-170\"><form id=\"wpforms-form-170\" class=\"wpforms-validate wpforms-form wpforms-ajax-form\" data-formid=\"170\" method=\"post\" enctype=\"multipart\/form-data\" action=\"\/en\/wp-json\/wp\/v2\/pages\/22\" data-token=\"00f260f077144ff729167e8a93ea8557\" data-token-time=\"1776433929\"><noscript class=\"wpforms-error-noscript\">Please enable JavaScript in your browser to complete this form.<\/noscript><div id=\"wpforms-error-noscript\" style=\"display: none;\">Please enable JavaScript in your browser to complete this form.<\/div><div class=\"wpforms-field-container\"><div id=\"wpforms-170-field_1-container\" class=\"wpforms-field wpforms-field-name\" data-field-id=\"1\"><label class=\"wpforms-field-label\" for=\"wpforms-170-field_1\">Name <span class=\"wpforms-required-label\" aria-hidden=\"true\">*<\/span><\/label><input type=\"text\" id=\"wpforms-170-field_1\" class=\"wpforms-field-medium wpforms-field-required\" name=\"wpforms[fields][1]\" aria-errormessage=\"wpforms-170-field_1-error\" required><\/div>\t\t<div id=\"wpforms-170-field_4-container\"\n\t\t\tclass=\"wpforms-field wpforms-field-text\"\n\t\t\tdata-field-type=\"text\"\n\t\t\tdata-field-id=\"4\"\n\t\t\t>\n\t\t\t<label class=\"wpforms-field-label\" for=\"wpforms-170-field_4\" >E-Mail-Adresse Kommentar Nachricht<\/label>\n\t\t\t<input type=\"text\" id=\"wpforms-170-field_4\" class=\"wpforms-field-medium\" name=\"wpforms[fields][4]\" >\n\t\t<\/div>\n\t\t<div id=\"wpforms-170-field_2-container\" class=\"wpforms-field wpforms-field-email\" data-field-id=\"2\"><label class=\"wpforms-field-label\" for=\"wpforms-170-field_2\">E-Mail-Adresse <span class=\"wpforms-required-label\" aria-hidden=\"true\">*<\/span><\/label><input type=\"email\" id=\"wpforms-170-field_2\" class=\"wpforms-field-medium wpforms-field-required\" name=\"wpforms[fields][2]\" spellcheck=\"false\" aria-errormessage=\"wpforms-170-field_2-error\" required><\/div><div id=\"wpforms-170-field_5-container\" class=\"wpforms-field wpforms-field-radio\" data-field-id=\"5\"><fieldset><legend class=\"wpforms-field-label\">Anliegen <span class=\"wpforms-required-label\" aria-hidden=\"true\">*<\/span><\/legend><ul id=\"wpforms-170-field_5\" class=\"wpforms-field-required\"><li class=\"choice-1 depth-1\"><input type=\"radio\" id=\"wpforms-170-field_5_1\" name=\"wpforms[fields][5]\" value=\"Booking\" aria-errormessage=\"wpforms-170-field_5_1-error\" required ><label class=\"wpforms-field-label-inline\" for=\"wpforms-170-field_5_1\">Booking<\/label><\/li><li class=\"choice-2 depth-1\"><input type=\"radio\" id=\"wpforms-170-field_5_2\" name=\"wpforms[fields][5]\" value=\"Feedback\" aria-errormessage=\"wpforms-170-field_5_2-error\" required ><label class=\"wpforms-field-label-inline\" for=\"wpforms-170-field_5_2\">Feedback<\/label><\/li><li class=\"choice-3 depth-1\"><input type=\"radio\" id=\"wpforms-170-field_5_3\" name=\"wpforms[fields][5]\" value=\"Was anderes...\" aria-errormessage=\"wpforms-170-field_5_3-error\" required ><label class=\"wpforms-field-label-inline\" for=\"wpforms-170-field_5_3\">Was anderes...<\/label><\/li><\/ul><\/fieldset><\/div><div id=\"wpforms-170-field_3-container\" class=\"wpforms-field wpforms-field-textarea\" data-field-id=\"3\"><label class=\"wpforms-field-label\" for=\"wpforms-170-field_3\">Kommentar oder Nachricht<\/label><textarea id=\"wpforms-170-field_3\" class=\"wpforms-field-medium\" name=\"wpforms[fields][3]\" aria-errormessage=\"wpforms-170-field_3-error\" ><\/textarea><\/div><script>\n\t\t\t\t( function() {\n\t\t\t\t\tconst style = document.createElement( 'style' );\n\t\t\t\t\tstyle.appendChild( document.createTextNode( '#wpforms-170-field_4-container { position: absolute !important; overflow: hidden !important; display: inline !important; height: 1px !important; width: 1px !important; z-index: -1000 !important; padding: 0 !important; } #wpforms-170-field_4-container input { visibility: hidden; } #wpforms-conversational-form-page #wpforms-170-field_4-container label { counter-increment: none; }' ) );\n\t\t\t\t\tdocument.head.appendChild( style );\n\t\t\t\t\tdocument.currentScript?.remove();\n\t\t\t\t} )();\n\t\t\t<\/script><\/div><!-- .wpforms-field-container --><div class=\"wpforms-submit-container\" ><input type=\"hidden\" name=\"wpforms[id]\" value=\"170\"><input type=\"hidden\" name=\"page_title\" value=\"\"><input type=\"hidden\" name=\"page_url\" value=\"https:\/\/feelnature.berlin\/en\/wp-json\/wp\/v2\/pages\/22\"><input type=\"hidden\" name=\"url_referer\" value=\"\"><button type=\"submit\" name=\"wpforms[submit]\" id=\"wpforms-submit-170\" class=\"wpforms-submit\" data-alt-text=\"Wird gesendet\u00a0\u2026\" data-submit-text=\"Absenden\" aria-live=\"assertive\" value=\"wpforms-submit\">Absenden<\/button><img decoding=\"async\" src=\"https:\/\/feelnature.berlin\/wp-content\/plugins\/wpforms-lite\/assets\/images\/submit-spin.svg\" class=\"wpforms-submit-spinner\" style=\"display: none;\" width=\"26\" height=\"26\" alt=\"Loading\"><\/div><\/form><\/div>  <!-- .wpforms-container -->\t\t\t\t<\/div>\n\t\t\t\t<\/div>\n\t\t\t\t\t<\/div>\n\t\t\t\t<\/div>\n\t\t<div class=\"elementor-element elementor-element-7430428 e-flex e-con-boxed wpr-particle-no wpr-jarallax-no wpr-parallax-no wpr-sticky-section-no e-con e-parent\" data-id=\"7430428\" data-element_type=\"container\" data-e-type=\"container\">\n\t\t\t\t\t<div class=\"e-con-inner\">\n\t\t\t\t<div class=\"elementor-element elementor-element-d08f340 elementor-widget-divider--view-line elementor-widget elementor-widget-divider\" data-id=\"d08f340\" data-element_type=\"widget\" data-e-type=\"widget\" data-widget_type=\"divider.default\">\n\t\t\t\t\t\t\t<div class=\"elementor-divider\">\n\t\t\t<span class=\"elementor-divider-separator\">\n\t\t\t\t\t\t<\/span>\n\t\t<\/div>\n\t\t\t\t\t\t<\/div>\n\t\t\t\t<div class=\"elementor-element elementor-element-4738032 elementor-widget elementor-widget-text-editor\" data-id=\"4738032\" data-element_type=\"widget\" data-e-type=\"widget\" data-widget_type=\"text-editor.default\">\n\t\t\t\t\t\t\t\t\t<p><a href=\"\/impressum\">Impressum<\/a><\/p>\t\t\t\t\t\t\t\t<\/div>\n\t\t\t\t\t<\/div>\n\t\t\t\t<\/div>\n\t\t\t\t<\/div>\n\t\t","protected":false},"excerpt":{"rendered":"<p>Kontakt ~ Booking ~ Feedback: Wir freuen uns, von dir zu h\u00f6ren!Egal, ob du eine Buchungsanfrage stellen, eine Kooperation vorschlagen oder einfach nur Feedback geben m\u00f6chtest \u2013 dein Anliegen ist bei uns willkommen. Schreib uns eine NachrichtNutze einfach das Kontaktformular oder sende uns direkt eine E-Mail. Wir melden uns so schnell wie m\u00f6glich bei dir zur\u00fcck. F\u00fcr Booking-Anfragen:Bitte gib dein gew\u00fcnschtes Datum, den Ort und den Anlass an \u2013 so k\u00f6nnen wir dir direkt ein passendes Angebot machen. F\u00fcr Feedback &amp; Ideen:Deine Meinung ist uns wichtig! Sag uns, was dir gef\u00e4llt oder wo wir uns noch verbessern k\u00f6nnen. Wir freuen uns auf deine Nachricht. &lt;3 Bitte aktiviere JavaScript in deinem Browser, um dieses Formular fertigzustellen.Bitte aktiviere JavaScript in deinem Browser, um dieses Formular fertigzustellen.Name *E-Mail-Adresse * Anliegen * Booking Feedback Was anderes&#8230; F\u00fcr&#8230; *&#8212; Auswahl treffen &#8212;FeelNatureAkuujiMaSeLParajapatiXuluxKommentar oder Nachricht Absenden Impressum<\/p>","protected":false},"author":1,"featured_media":0,"parent":0,"menu_order":0,"comment_status":"closed","ping_status":"closed","template":"","meta":{"ocean_post_layout":"full-screen","ocean_both_sidebars_style":"","ocean_both_sidebars_content_width":0,"ocean_both_sidebars_sidebars_width":0,"ocean_sidebar":"","ocean_second_sidebar":"","ocean_disable_margins":"enable","ocean_add_body_class":"","ocean_shortcode_before_top_bar":"","ocean_shortcode_after_top_bar":"","ocean_shortcode_before_header":"","ocean_shortcode_after_header":"","ocean_has_shortcode":"","ocean_shortcode_after_title":"","ocean_shortcode_before_footer_widgets":"","ocean_shortcode_after_footer_widgets":"","ocean_shortcode_before_footer_bottom":"","ocean_shortcode_after_footer_bottom":"","ocean_display_top_bar":"off","ocean_display_header":"default","ocean_header_style":"","ocean_center_header_left_menu":"","ocean_custom_header_template":"","ocean_custom_logo":0,"ocean_custom_retina_logo":0,"ocean_custom_logo_max_width":0,"ocean_custom_logo_tablet_max_width":0,"ocean_custom_logo_mobile_max_width":0,"ocean_custom_logo_max_height":0,"ocean_custom_logo_tablet_max_height":0,"ocean_custom_logo_mobile_max_height":0,"ocean_header_custom_menu":"","ocean_menu_typo_font_family":"","ocean_menu_typo_font_subset":"","ocean_menu_typo_font_size":0,"ocean_menu_typo_font_size_tablet":0,"ocean_menu_typo_font_size_mobile":0,"ocean_menu_typo_font_size_unit":"px","ocean_menu_typo_font_weight":"","ocean_menu_typo_font_weight_tablet":"","ocean_menu_typo_font_weight_mobile":"","ocean_menu_typo_transform":"","ocean_menu_typo_transform_tablet":"","ocean_menu_typo_transform_mobile":"","ocean_menu_typo_line_height":0,"ocean_menu_typo_line_height_tablet":0,"ocean_menu_typo_line_height_mobile":0,"ocean_menu_typo_line_height_unit":"","ocean_menu_typo_spacing":0,"ocean_menu_typo_spacing_tablet":0,"ocean_menu_typo_spacing_mobile":0,"ocean_menu_typo_spacing_unit":"","ocean_menu_link_color":"","ocean_menu_link_color_hover":"","ocean_menu_link_color_active":"","ocean_menu_link_background":"","ocean_menu_link_hover_background":"","ocean_menu_link_active_background":"","ocean_menu_social_links_bg":"","ocean_menu_social_hover_links_bg":"","ocean_menu_social_links_color":"","ocean_menu_social_hover_links_color":"","ocean_disable_title":"on","ocean_disable_heading":"default","ocean_post_title":"","ocean_post_subheading":"","ocean_post_title_style":"","ocean_post_title_background_color":"","ocean_post_title_background":0,"ocean_post_title_bg_image_position":"","ocean_post_title_bg_image_attachment":"","ocean_post_title_bg_image_repeat":"","ocean_post_title_bg_image_size":"","ocean_post_title_height":0,"ocean_post_title_bg_overlay":0.5,"ocean_post_title_bg_overlay_color":"","ocean_disable_breadcrumbs":"default","ocean_breadcrumbs_color":"","ocean_breadcrumbs_separator_color":"","ocean_breadcrumbs_links_color":"","ocean_breadcrumbs_links_hover_color":"","ocean_display_footer_widgets":"off","ocean_display_footer_bottom":"off","ocean_custom_footer_template":"","footnotes":""},"class_list":["post-22","page","type-page","status-publish","hentry","entry"],"_links":{"self":[{"href":"https:\/\/feelnature.berlin\/en\/wp-json\/wp\/v2\/pages\/22","targetHints":{"allow":["GET"]}}],"collection":[{"href":"https:\/\/feelnature.berlin\/en\/wp-json\/wp\/v2\/pages"}],"about":[{"href":"https:\/\/feelnature.berlin\/en\/wp-json\/wp\/v2\/types\/page"}],"author":[{"embeddable":true,"href":"https:\/\/feelnature.berlin\/en\/wp-json\/wp\/v2\/users\/1"}],"replies":[{"embeddable":true,"href":"https:\/\/feelnature.berlin\/en\/wp-json\/wp\/v2\/comments?post=22"}],"version-history":[{"count":40,"href":"https:\/\/feelnature.berlin\/en\/wp-json\/wp\/v2\/pages\/22\/revisions"}],"predecessor-version":[{"id":826,"href":"https:\/\/feelnature.berlin\/en\/wp-json\/wp\/v2\/pages\/22\/revisions\/826"}],"wp:attachment":[{"href":"https:\/\/feelnature.berlin\/en\/wp-json\/wp\/v2\/media?parent=22"}],"curies":[{"name":"wp","href":"https:\/\/api.w.org\/{rel}","templated":true}]}}